{"id":645,"date":"2026-01-11T10:19:11","date_gmt":"2026-01-11T10:19:11","guid":{"rendered":"https:\/\/nt-def.com\/?page_id=645"},"modified":"2026-01-11T10:38:17","modified_gmt":"2026-01-11T10:38:17","slug":"terinos-de-uso","status":"publish","type":"page","link":"https:\/\/nt-def.com\/?page_id=645","title":{"rendered":"Terminos de Uso"},"content":{"rendered":"\t\t<div data-elementor-type=\"wp-page\" data-elementor-id=\"645\" class=\"elementor elementor-645\">\n\t\t\t\t<div class=\"elementor-element elementor-element-87a4dfc e-con-full e-flex e-con e-parent\" data-id=\"87a4dfc\" data-element_type=\"container\" data-e-type=\"container\">\n\t\t<div class=\"elementor-element elementor-element-85ff726 e-con-full e-flex e-con e-child\" data-id=\"85ff726\" data-element_type=\"container\" data-e-type=\"container\">\n\t\t\t\t<div class=\"elementor-element elementor-element-49ab6c9 elementor-widget elementor-widget-heading\" data-id=\"49ab6c9\" data-element_type=\"widget\" data-e-type=\"widget\" data-widget_type=\"heading.default\">\n\t\t\t\t\t<h1 class=\"elementor-heading-title elementor-size-default\">T\u00e9rminos de uso<\/h1>\t\t\t\t<\/div>\n\t\t\t\t<div class=\"elementor-element elementor-element-16b7f1b elementor-widget elementor-widget-heading\" data-id=\"16b7f1b\" data-element_type=\"widget\" data-e-type=\"widget\" data-widget_type=\"heading.default\">\n\t\t\t\t\t<h2 class=\"elementor-heading-title elementor-size-default\">NT DEF || www.nt-def.com<\/h2>\t\t\t\t<\/div>\n\t\t\t\t<div class=\"elementor-element elementor-element-8b57efa elementor-widget elementor-widget-text-editor\" data-id=\"8b57efa\" data-element_type=\"widget\" data-e-type=\"widget\" data-widget_type=\"text-editor.default\">\n\t\t\t\t\t\t\t\t\t<h3 data-start=\"413\" data-end=\"430\">1. <strong data-start=\"420\" data-end=\"430\">\u00c1mbito<\/strong><\/h3><p data-start=\"431\" data-end=\"661\">Estas Condiciones regulan tu acceso y uso de este sitio y los servicios que NT DEF ofrece a trav\u00e9s de <a class=\"decorated-link\" href=\"http:\/\/www.nt-def.com\" target=\"_new\" rel=\"noopener\" data-start=\"533\" data-end=\"547\">www.nt-def.com<\/a> (\u201csitio\u201d). Al usar este sitio o realizar compras, aceptas estos t\u00e9rminos y todas las pol\u00edticas vinculadas aqu\u00ed.<\/p><h3 data-start=\"663\" data-end=\"687\">2. <strong data-start=\"670\" data-end=\"687\">Uso del Sitio<\/strong><\/h3><p data-start=\"688\" data-end=\"958\">Este sitio est\u00e1 destinado a ofrecer productos y servicios relacionados con defensa personal y equipamiento seguro. Aceptas usar el sitio solo con fines legales y de acuerdo con las leyes aplicables, incluidas regulaciones sobre compra y posesi\u00f3n de art\u00edculos de defensa.<\/p><h3 data-start=\"960\" data-end=\"995\">3. <strong data-start=\"967\" data-end=\"995\">Compras y Disponibilidad<\/strong><\/h3><p data-start=\"996\" data-end=\"1177\">Todos los pedidos est\u00e1n sujetos a disponibilidad y aprobaci\u00f3n. NT DEF se reserva el derecho de corregir errores, omisiones o inexactitudes, y de cancelar \u00f3rdenes si fuera necesario.<\/p><h3 data-start=\"1179\" data-end=\"1233\">4. <strong data-start=\"1186\" data-end=\"1233\">Pol\u00edtica de Productos Da\u00f1ados o Defectuosos<\/strong><\/h3><p data-start=\"1234\" data-end=\"1420\">Si recibes un producto da\u00f1ado o defectuoso, contacta con nosotros dentro de un plazo determinado para gestionar la sustituci\u00f3n seg\u00fan nuestros criterios de garant\u00eda y atenci\u00f3n al cliente.<\/p><h3 data-start=\"1422\" data-end=\"1467\">5. <strong data-start=\"1429\" data-end=\"1467\">Devoluciones por Cambio de Opini\u00f3n<\/strong><\/h3><p data-start=\"1468\" data-end=\"1686\">Aceptamos devoluciones si el producto cumple condiciones espec\u00edficas (producto sin usar, embalaje original) y dentro del plazo establecido, sujetas a una posible tarifa de reposici\u00f3n para cubrir costes administrativos.<\/p><h3 data-start=\"1688\" data-end=\"1720\">6. <strong data-start=\"1695\" data-end=\"1720\">Responsabilidad Legal<\/strong><\/h3><p data-start=\"1721\" data-end=\"1922\">No asumimos responsabilidad por el uso indebido de los productos adquiridos. Es responsabilidad del usuario conocer la legalidad y requisitos de uso de productos de defensa personal en su jurisdicci\u00f3n.<\/p><h3 data-start=\"1924\" data-end=\"1956\">7. <strong data-start=\"1931\" data-end=\"1956\">Contenido del Usuario<\/strong><\/h3><p data-start=\"1957\" data-end=\"2150\">Cualquier comentario o contenido que publiques en el sitio debe ser legal, respetuoso y no infringir derechos de terceros. Nos reservamos el derecho de moderar o eliminar contenido inapropiado.<\/p>\t\t\t\t\t\t\t\t<\/div>\n\t\t\t\t<\/div>\n\t\t\t\t<\/div>\n\t\t\t\t<\/div>\n\t\t","protected":false},"excerpt":{"rendered":"<p>T\u00e9rminos de uso NT DEF || www.nt-def.com 1. \u00c1mbito Estas Condiciones regulan tu acceso y uso de este sitio y los servicios que NT DEF ofrece a trav\u00e9s de www.nt-def.com (\u201csitio\u201d). Al usar este sitio o realizar compras, aceptas estos t\u00e9rminos y todas las pol\u00edticas vinculadas aqu\u00ed. 2. Uso del Sitio Este sitio est\u00e1 destinado [&hellip;]<\/p>\n","protected":false},"author":1,"featured_media":0,"parent":0,"menu_order":0,"comment_status":"closed","ping_status":"closed","template":"","meta":{"footnotes":""},"class_list":["post-645","page","type-page","status-publish","hentry"],"_links":{"self":[{"href":"https:\/\/nt-def.com\/index.php?rest_route=\/wp\/v2\/pages\/645","targetHints":{"allow":["GET"]}}],"collection":[{"href":"https:\/\/nt-def.com\/index.php?rest_route=\/wp\/v2\/pages"}],"about":[{"href":"https:\/\/nt-def.com\/index.php?rest_route=\/wp\/v2\/types\/page"}],"author":[{"embeddable":true,"href":"https:\/\/nt-def.com\/index.php?rest_route=\/wp\/v2\/users\/1"}],"replies":[{"embeddable":true,"href":"https:\/\/nt-def.com\/index.php?rest_route=%2Fwp%2Fv2%2Fcomments&post=645"}],"version-history":[{"count":8,"href":"https:\/\/nt-def.com\/index.php?rest_route=\/wp\/v2\/pages\/645\/revisions"}],"predecessor-version":[{"id":684,"href":"https:\/\/nt-def.com\/index.php?rest_route=\/wp\/v2\/pages\/645\/revisions\/684"}],"wp:attachment":[{"href":"https:\/\/nt-def.com\/index.php?rest_route=%2Fwp%2Fv2%2Fmedia&parent=645"}],"curies":[{"name":"wp","href":"https:\/\/api.w.org\/{rel}","templated":true}]}}